{"id":1666,"date":"2022-08-10T10:51:53","date_gmt":"2022-08-10T08:51:53","guid":{"rendered":"https:\/\/www.marcosorrentino.de\/photo\/?page_id=1666"},"modified":"2026-04-27T10:25:53","modified_gmt":"2026-04-27T08:25:53","slug":"wacken2022","status":"publish","type":"page","link":"https:\/\/www.marco-sorrentino.de\/photo\/wacken2022\/","title":{"rendered":"WACKEN 2022"},"content":{"rendered":"<div class=\"et_pb_section_0 et_pb_section et_section_regular et_block_section\">\n<div class=\"et_pb_row_0 et_pb_row et_block_row\">\n<div class=\"et_pb_column_0 et_pb_column et_pb_column_4_4 et-last-child et_block_column et_pb_css_mix_blend_mode_passthrough\">\n<div class=\"et_pb_text_0 et_pb_text et_pb_bg_layout_light et_pb_module et_block_module\"><div class=\"et_pb_text_inner\"><p><a href=\"http:\/\/www.wacken.com\" target=\"_blank\" rel=\"noopener\"><img loading=\"lazy\" decoding=\"async\" class=\"alignnone wp-image-1791 size-medium\" src=\"https:\/\/www.marco-sorrentino.de\/photo\/wp-content\/uploads\/2022\/08\/woa_22_logo_quer_datum-SMALL-1-300x104.jpg\" alt=\"\" width=\"300\" height=\"104\" srcset=\"https:\/\/www.marco-sorrentino.de\/photo\/wp-content\/uploads\/2022\/08\/woa_22_logo_quer_datum-SMALL-1-300x104.jpg 300w, https:\/\/www.marco-sorrentino.de\/photo\/wp-content\/uploads\/2022\/08\/woa_22_logo_quer_datum-SMALL-1.jpg 350w\" sizes=\"(max-width: 300px) 100vw, 300px\" \/><\/a><\/p>\n<p>Es ist mittlerweile bereits 11 Jahre her, als ich das letzte Mal auf dem weltgr\u00f6\u00dften Heavy-Metal-Festival in Wacken war. Damals hatte ich mir vorgenommen nicht mehr wieder zu kommen, da es mir einfach zu gro\u00df ist. Riesige Menschenmassen und sehr lange Wege zwischen den verschiedenen B\u00fchnen lie\u00dfen mich damals zu dieser Entscheidung kommen.<\/p>\n<p>Doch dann kam Wacken 2022 und ich habe die Chance bekommen dort als Fotograf unterwegs zu sein. Ich musste nicht lange \u00fcberlegen und die Vorfreude wuchs ins Unermessliche. Nach 2 Jahren ohne Konzerte und Festivals, wollte ich nur noch los auf den Holy Ground. Und ich muss sagen, es war eine der besten Erfahrungen meines Fotografenlebens.<\/p>\n<p>Am letzten Tag des Festivals wurden die, bereits jetzt schon best\u00e4tigten, Bands f\u00fcr 2023 vorgestellt. Iron Maiden, Megadeth, Jinjer uvm. machen jetzt schon Lust aufs n\u00e4chste Jahr. Die Veranstaltung war dann auch innerhalb der Rekordzeit von knapp 5 Stunden restlos ausverkauft. Man merkt einfach, dass die Leute Bock haben und raus wollen.<\/p>\n<p>Nat\u00fcrlich war es mir nicht m\u00f6glich wirklich jede Band auf dem Festival zu fotografieren, daf\u00fcr waren die Wege einfach zu weit und die Zeit zu knapp. Aber ich habe mir M\u00fche gegeben trotzdem coole Pics f\u00fcr Euch zu schie\u00dfen so wie es mein Gesundheitszustand eben zugelassen hat.\u00a0 Ich hoffe ich kann Euch mit diesen Gallerien einen kleinen Einblick in das Erlebnis \"WACKEN\" geben.<\/p>\n<p>F\u00fcr mich steht fest, wenn ich wieder kommen darf mache ich mich wieder auf den Weg in den Norden. Alleine Iron Maiden zu fotografieren w\u00e4re mir schon eine Ehre.<\/p>\n<p>Zum Schluss m\u00f6chte ich mich noch beim Veranstalter und allen Mitarbeitern, G\u00e4sten, Bands herzlich bedanken, dass ich diese Chance bekommen habe und verbleibe mit den Worten: \"SEE YOU IN WACKEN - RAIN OR SHINE\"<\/p>\n<p>&nbsp;<\/p>\n<\/div><\/div>\n<\/div>\n<\/div>\n\n<div class=\"et_pb_row_1 et_pb_row et_block_row\">\n<div class=\"et_pb_column_1 et_pb_column et_pb_column_1_2 et_block_column et_pb_css_mix_blend_mode_passthrough\">\n\n<div class=\"et_pb_module et_d4_element DLIHPM_image_hover DLIHPM_image_hover_0 et_clickable\">\n\t\t\t\t\n\t\t\t\t\n\t\t\t\t\n\t\t\t\t\n\t\t\t\t\n\t\t\t\t\n\t\t\t\t<div class=\"et_pb_module_inner\">\n\t\t\t\t\t<figure class=\"divi-image-hover image-hover-image-zoom-center imagehover-image-zoom-center\" style=\"background-color:RGBA(255,255,255,0);--background-color:RGBA(255,255,255,0);\">\n\t\t\t<img decoding=\"async\" class=\"image-hover-img\" alt=\"\" src=\"https:\/\/www.marco-sorrentino.de\/photo\/wp-content\/uploads\/2022\/08\/Wacken2022-BW-525.jpg\" srcset=\"https:\/\/www.marco-sorrentino.de\/photo\/wp-content\/uploads\/2022\/08\/Wacken2022-BW-525.jpg 1x, 2x\" \/>\n\t\t\t<figcaption>\n\t\t\t\t<h2 class=\"image-hover-figtitle\">ARCH ENEMY<\/h2>\n\t\t\t\t<div class=\"image-hover-figdescription\"><p>Your description text goes here.<\/p><\/div>\n\t\t\t<\/figcaption>\n\t\t\t<a href=\"https:\/\/www.marco-sorrentino.de\/photo\/arch-enemy-wacken-2022\/\" target=\"\"><\/a>\n\t\t\t<\/figure>\n\t\t\t\t<\/div>\n\t\t\t<\/div>\n\n\n\n<div class=\"et_pb_module et_d4_element DLIHPM_image_hover DLIHPM_image_hover_1 et_clickable\">\n\t\t\t\t\n\t\t\t\t\n\t\t\t\t\n\t\t\t\t\n\t\t\t\t\n\t\t\t\t\n\t\t\t\t<div class=\"et_pb_module_inner\">\n\t\t\t\t\t<figure class=\"divi-image-hover image-hover-image-zoom-center imagehover-image-zoom-center\" style=\"background-color:RGBA(255,255,255,0);--background-color:RGBA(255,255,255,0);\">\n\t\t\t<img decoding=\"async\" class=\"image-hover-img\" alt=\"\" src=\"https:\/\/www.marco-sorrentino.de\/photo\/wp-content\/uploads\/2022\/08\/Wacken2022-BW-35.jpg\" srcset=\"https:\/\/www.marco-sorrentino.de\/photo\/wp-content\/uploads\/2022\/08\/Wacken2022-BW-35.jpg 1x, 2x\" \/>\n\t\t\t<figcaption>\n\t\t\t\t<h2 class=\"image-hover-figtitle\">EPICA<\/h2>\n\t\t\t\t<div class=\"image-hover-figdescription\"><p>Your description text goes here.<\/p><\/div>\n\t\t\t<\/figcaption>\n\t\t\t<a href=\"https:\/\/www.marco-sorrentino.de\/photo\/epica-wacken-2022\/\" target=\"\"><\/a>\n\t\t\t<\/figure>\n\t\t\t\t<\/div>\n\t\t\t<\/div>\n\n\n\n<div class=\"et_pb_module et_d4_element DLIHPM_image_hover DLIHPM_image_hover_2 et_clickable\">\n\t\t\t\t\n\t\t\t\t\n\t\t\t\t\n\t\t\t\t\n\t\t\t\t\n\t\t\t\t\n\t\t\t\t<div class=\"et_pb_module_inner\">\n\t\t\t\t\t<figure class=\"divi-image-hover image-hover-image-zoom-center imagehover-image-zoom-center\" style=\"background-color:RGBA(255,255,255,0);--background-color:RGBA(255,255,255,0);\">\n\t\t\t<img decoding=\"async\" class=\"image-hover-img\" alt=\"\" src=\"https:\/\/www.marco-sorrentino.de\/photo\/wp-content\/uploads\/2022\/08\/Wacken2022-BW-77.jpg\" srcset=\"https:\/\/www.marco-sorrentino.de\/photo\/wp-content\/uploads\/2022\/08\/Wacken2022-BW-77.jpg 1x, 2x\" \/>\n\t\t\t<figcaption>\n\t\t\t\t<h2 class=\"image-hover-figtitle\">H\u00c4MATOM \"Berlin\"<\/h2>\n\t\t\t\t<div class=\"image-hover-figdescription\"><p>Your description text goes here.<\/p><\/div>\n\t\t\t<\/figcaption>\n\t\t\t<a href=\"https:\/\/www.marco-sorrentino.de\/photo\/haematom-20er-jahre-berlin-wacken-2022\/\" target=\"\"><\/a>\n\t\t\t<\/figure>\n\t\t\t\t<\/div>\n\t\t\t<\/div>\n\n\n\n<div class=\"et_pb_module et_d4_element DLIHPM_image_hover DLIHPM_image_hover_3 et_clickable\">\n\t\t\t\t\n\t\t\t\t\n\t\t\t\t\n\t\t\t\t\n\t\t\t\t\n\t\t\t\t\n\t\t\t\t<div class=\"et_pb_module_inner\">\n\t\t\t\t\t<figure class=\"divi-image-hover image-hover-image-zoom-center imagehover-image-zoom-center\" style=\"background-color:RGBA(255,255,255,0);--background-color:RGBA(255,255,255,0);\">\n\t\t\t<img decoding=\"async\" class=\"image-hover-img\" alt=\"\" src=\"https:\/\/www.marco-sorrentino.de\/photo\/wp-content\/uploads\/2022\/08\/Wacken2022-BW-165.jpg\" srcset=\"https:\/\/www.marco-sorrentino.de\/photo\/wp-content\/uploads\/2022\/08\/Wacken2022-BW-165.jpg 1x, 2x\" \/>\n\t\t\t<figcaption>\n\t\t\t\t<h2 class=\"image-hover-figtitle\">OVERKILL<\/h2>\n\t\t\t\t<div class=\"image-hover-figdescription\"><p>Your description text goes here.<\/p><\/div>\n\t\t\t<\/figcaption>\n\t\t\t<a href=\"https:\/\/www.marco-sorrentino.de\/photo\/automatisch-gespeicherter-entwurf\/\" target=\"\"><\/a>\n\t\t\t<\/figure>\n\t\t\t\t<\/div>\n\t\t\t<\/div>\n\n\n\n<div class=\"et_pb_module et_d4_element DLIHPM_image_hover DLIHPM_image_hover_4 et_clickable\">\n\t\t\t\t\n\t\t\t\t\n\t\t\t\t\n\t\t\t\t\n\t\t\t\t\n\t\t\t\t\n\t\t\t\t<div class=\"et_pb_module_inner\">\n\t\t\t\t\t<figure class=\"divi-image-hover image-hover-image-zoom-center imagehover-image-zoom-center\" style=\"background-color:RGBA(255,255,255,0);--background-color:RGBA(255,255,255,0);\">\n\t\t\t<img decoding=\"async\" class=\"image-hover-img\" alt=\"\" src=\"https:\/\/www.marco-sorrentino.de\/photo\/wp-content\/uploads\/2022\/08\/Wacken2022-BW-383.jpg\" srcset=\"https:\/\/www.marco-sorrentino.de\/photo\/wp-content\/uploads\/2022\/08\/Wacken2022-BW-383.jpg 1x, 2x\" \/>\n\t\t\t<figcaption>\n\t\t\t\t<h2 class=\"image-hover-figtitle\">DEINE COUSINE<\/h2>\n\t\t\t\t<div class=\"image-hover-figdescription\"><p>Your description text goes here.<\/p><\/div>\n\t\t\t<\/figcaption>\n\t\t\t<a href=\"https:\/\/www.marco-sorrentino.de\/photo\/deine-cousine-wacken-2022\/\" target=\"\"><\/a>\n\t\t\t<\/figure>\n\t\t\t\t<\/div>\n\t\t\t<\/div>\n\n\n\n<div class=\"et_pb_module et_d4_element DLIHPM_image_hover DLIHPM_image_hover_5 et_clickable\">\n\t\t\t\t\n\t\t\t\t\n\t\t\t\t\n\t\t\t\t\n\t\t\t\t\n\t\t\t\t\n\t\t\t\t<div class=\"et_pb_module_inner\">\n\t\t\t\t\t<figure class=\"divi-image-hover image-hover-image-zoom-center imagehover-image-zoom-center\" style=\"background-color:RGBA(255,255,255,0);--background-color:RGBA(255,255,255,0);\">\n\t\t\t<img decoding=\"async\" class=\"image-hover-img\" alt=\"\" src=\"https:\/\/www.marco-sorrentino.de\/photo\/wp-content\/uploads\/2022\/08\/Wacken2022-BW-286.jpg\" srcset=\"https:\/\/www.marco-sorrentino.de\/photo\/wp-content\/uploads\/2022\/08\/Wacken2022-BW-286.jpg 1x, 2x\" \/>\n\t\t\t<figcaption>\n\t\t\t\t<h2 class=\"image-hover-figtitle\">AT THE GATES<\/h2>\n\t\t\t\t<div class=\"image-hover-figdescription\"><p>Your description text goes here.<\/p><\/div>\n\t\t\t<\/figcaption>\n\t\t\t<a href=\"https:\/\/www.marco-sorrentino.de\/photo\/at-the-gates-wacken-2022\/\" target=\"\"><\/a>\n\t\t\t<\/figure>\n\t\t\t\t<\/div>\n\t\t\t<\/div>\n\n\n\n<div class=\"et_pb_module et_d4_element DLIHPM_image_hover DLIHPM_image_hover_6 et_clickable\">\n\t\t\t\t\n\t\t\t\t\n\t\t\t\t\n\t\t\t\t\n\t\t\t\t\n\t\t\t\t\n\t\t\t\t<div class=\"et_pb_module_inner\">\n\t\t\t\t\t<figure class=\"divi-image-hover image-hover-image-zoom-center imagehover-image-zoom-center\" style=\"background-color:RGBA(255,255,255,0);--background-color:RGBA(255,255,255,0);\">\n\t\t\t<img decoding=\"async\" class=\"image-hover-img\" alt=\"\" src=\"https:\/\/www.marco-sorrentino.de\/photo\/wp-content\/uploads\/2022\/08\/Wacken2022-BW-199.jpg\" srcset=\"https:\/\/www.marco-sorrentino.de\/photo\/wp-content\/uploads\/2022\/08\/Wacken2022-BW-199.jpg 1x, 2x\" \/>\n\t\t\t<figcaption>\n\t\t\t\t<h2 class=\"image-hover-figtitle\">GWAR<\/h2>\n\t\t\t\t<div class=\"image-hover-figdescription\"><p>Your description text goes here.<\/p><\/div>\n\t\t\t<\/figcaption>\n\t\t\t<a href=\"https:\/\/www.marco-sorrentino.de\/photo\/gwar-wacken-2022\/\" target=\"\"><\/a>\n\t\t\t<\/figure>\n\t\t\t\t<\/div>\n\t\t\t<\/div>\n\n<\/div>\n\n<div class=\"et_pb_column_2 et_pb_column et_pb_column_1_2 et-last-child et_block_column et_pb_css_mix_blend_mode_passthrough\">\n\n<div class=\"et_pb_module et_d4_element DLIHPM_image_hover DLIHPM_image_hover_7 et_clickable\">\n\t\t\t\t\n\t\t\t\t\n\t\t\t\t\n\t\t\t\t\n\t\t\t\t\n\t\t\t\t\n\t\t\t\t<div class=\"et_pb_module_inner\">\n\t\t\t\t\t<figure class=\"divi-image-hover image-hover-image-zoom-center imagehover-image-zoom-center\" style=\"background-color:RGBA(255,255,255,0);--background-color:RGBA(255,255,255,0);\">\n\t\t\t<img decoding=\"async\" class=\"image-hover-img\" alt=\"\" src=\"https:\/\/www.marco-sorrentino.de\/photo\/wp-content\/uploads\/2022\/08\/Wacken2022-BW-430.jpg\" srcset=\"https:\/\/www.marco-sorrentino.de\/photo\/wp-content\/uploads\/2022\/08\/Wacken2022-BW-430.jpg 1x, 2x\" \/>\n\t\t\t<figcaption>\n\t\t\t\t<h2 class=\"image-hover-figtitle\">LIFE OF AGONY<\/h2>\n\t\t\t\t<div class=\"image-hover-figdescription\"><p>Your description text goes here.<\/p><\/div>\n\t\t\t<\/figcaption>\n\t\t\t<a href=\"https:\/\/www.marco-sorrentino.de\/photo\/life-of-agony-wacken-2022\/\" target=\"\"><\/a>\n\t\t\t<\/figure>\n\t\t\t\t<\/div>\n\t\t\t<\/div>\n\n\n\n<div class=\"et_pb_module et_d4_element DLIHPM_image_hover DLIHPM_image_hover_8 et_clickable\">\n\t\t\t\t\n\t\t\t\t\n\t\t\t\t\n\t\t\t\t\n\t\t\t\t\n\t\t\t\t\n\t\t\t\t<div class=\"et_pb_module_inner\">\n\t\t\t\t\t<figure class=\"divi-image-hover image-hover-image-zoom-center imagehover-image-zoom-center\" style=\"background-color:RGBA(255,255,255,0);--background-color:RGBA(255,255,255,0);\">\n\t\t\t<img decoding=\"async\" class=\"image-hover-img\" alt=\"\" src=\"https:\/\/www.marco-sorrentino.de\/photo\/wp-content\/uploads\/2022\/08\/Wacken2022-BW-335.jpg\" srcset=\"https:\/\/www.marco-sorrentino.de\/photo\/wp-content\/uploads\/2022\/08\/Wacken2022-BW-335.jpg 1x, 2x\" \/>\n\t\t\t<figcaption>\n\t\t\t\t<h2 class=\"image-hover-figtitle\">IN EXTREMO<\/h2>\n\t\t\t\t<div class=\"image-hover-figdescription\"><p>Your description text goes here.<\/p><\/div>\n\t\t\t<\/figcaption>\n\t\t\t<a href=\"https:\/\/www.marco-sorrentino.de\/photo\/in-extremo-wacken-2022\/\" target=\"\"><\/a>\n\t\t\t<\/figure>\n\t\t\t\t<\/div>\n\t\t\t<\/div>\n\n\n\n<div class=\"et_pb_module et_d4_element DLIHPM_image_hover DLIHPM_image_hover_9 et_clickable\">\n\t\t\t\t\n\t\t\t\t\n\t\t\t\t\n\t\t\t\t\n\t\t\t\t\n\t\t\t\t\n\t\t\t\t<div class=\"et_pb_module_inner\">\n\t\t\t\t\t<figure class=\"divi-image-hover image-hover-image-zoom-center imagehover-image-zoom-center\" style=\"background-color:RGBA(255,255,255,0);--background-color:RGBA(255,255,255,0);\">\n\t\t\t<img decoding=\"async\" class=\"image-hover-img\" alt=\"\" src=\"https:\/\/www.marco-sorrentino.de\/photo\/wp-content\/uploads\/2022\/08\/Wacken2022-BW-464.jpg\" srcset=\"https:\/\/www.marco-sorrentino.de\/photo\/wp-content\/uploads\/2022\/08\/Wacken2022-BW-464.jpg 1x, 2x\" \/>\n\t\t\t<figcaption>\n\t\t\t\t<h2 class=\"image-hover-figtitle\">H\u00c4MATOM<\/h2>\n\t\t\t\t<div class=\"image-hover-figdescription\"><p>Your description text goes here.<\/p><\/div>\n\t\t\t<\/figcaption>\n\t\t\t<a href=\"https:\/\/www.marco-sorrentino.de\/photo\/haematom-wacken-2022\/\" target=\"\"><\/a>\n\t\t\t<\/figure>\n\t\t\t\t<\/div>\n\t\t\t<\/div>\n\n\n\n<div class=\"et_pb_module et_d4_element DLIHPM_image_hover DLIHPM_image_hover_10 et_clickable\">\n\t\t\t\t\n\t\t\t\t\n\t\t\t\t\n\t\t\t\t\n\t\t\t\t\n\t\t\t\t\n\t\t\t\t<div class=\"et_pb_module_inner\">\n\t\t\t\t\t<figure class=\"divi-image-hover image-hover-image-zoom-center imagehover-image-zoom-center\" style=\"background-color:RGBA(255,255,255,0);--background-color:RGBA(255,255,255,0);\">\n\t\t\t<img decoding=\"async\" class=\"image-hover-img\" alt=\"\" src=\"https:\/\/www.marco-sorrentino.de\/photo\/wp-content\/uploads\/2022\/08\/Wacken2022-BW-458.jpg\" srcset=\"https:\/\/www.marco-sorrentino.de\/photo\/wp-content\/uploads\/2022\/08\/Wacken2022-BW-458.jpg 1x, 2x\" \/>\n\t\t\t<figcaption>\n\t\t\t\t<h2 class=\"image-hover-figtitle\">AS I LAY DYING<\/h2>\n\t\t\t\t<div class=\"image-hover-figdescription\"><p>Your description text goes here.<\/p><\/div>\n\t\t\t<\/figcaption>\n\t\t\t<a href=\"https:\/\/www.marco-sorrentino.de\/photo\/as-i-lay-dying-wacken-2022\/\" target=\"\"><\/a>\n\t\t\t<\/figure>\n\t\t\t\t<\/div>\n\t\t\t<\/div>\n\n\n\n<div class=\"et_pb_module et_d4_element DLIHPM_image_hover DLIHPM_image_hover_11 et_clickable\">\n\t\t\t\t\n\t\t\t\t\n\t\t\t\t\n\t\t\t\t\n\t\t\t\t\n\t\t\t\t\n\t\t\t\t<div class=\"et_pb_module_inner\">\n\t\t\t\t\t<figure class=\"divi-image-hover image-hover-image-zoom-center imagehover-image-zoom-center\" style=\"background-color:RGBA(255,255,255,0);--background-color:RGBA(255,255,255,0);\">\n\t\t\t<img decoding=\"async\" class=\"image-hover-img\" alt=\"\" src=\"https:\/\/www.marco-sorrentino.de\/photo\/wp-content\/uploads\/2022\/08\/Wacken2022-BW-15.jpg\" srcset=\"https:\/\/www.marco-sorrentino.de\/photo\/wp-content\/uploads\/2022\/08\/Wacken2022-BW-15.jpg 1x, 2x\" \/>\n\t\t\t<figcaption>\n\t\t\t\t<h2 class=\"image-hover-figtitle\">GLORYHAMMER<\/h2>\n\t\t\t\t<div class=\"image-hover-figdescription\"><p>Your description text goes here.<\/p><\/div>\n\t\t\t<\/figcaption>\n\t\t\t<a href=\"https:\/\/www.marco-sorrentino.de\/photo\/wacken-2022\/\" target=\"\"><\/a>\n\t\t\t<\/figure>\n\t\t\t\t<\/div>\n\t\t\t<\/div>\n\n\n\n<div class=\"et_pb_module et_d4_element DLIHPM_image_hover DLIHPM_image_hover_12 et_clickable\">\n\t\t\t\t\n\t\t\t\t\n\t\t\t\t\n\t\t\t\t\n\t\t\t\t\n\t\t\t\t\n\t\t\t\t<div class=\"et_pb_module_inner\">\n\t\t\t\t\t<figure class=\"divi-image-hover image-hover-image-zoom-center imagehover-image-zoom-center\" style=\"background-color:RGBA(255,255,255,0);--background-color:RGBA(255,255,255,0);\">\n\t\t\t<img decoding=\"async\" class=\"image-hover-img\" alt=\"\" src=\"https:\/\/www.marco-sorrentino.de\/photo\/wp-content\/uploads\/2022\/08\/Wacken2022-BW-297.jpg\" srcset=\"https:\/\/www.marco-sorrentino.de\/photo\/wp-content\/uploads\/2022\/08\/Wacken2022-BW-297.jpg 1x, 2x\" \/>\n\t\t\t<figcaption>\n\t\t\t\t<h2 class=\"image-hover-figtitle\">HYPOCRISY<\/h2>\n\t\t\t\t<div class=\"image-hover-figdescription\"><p>Your description text goes here.<\/p><\/div>\n\t\t\t<\/figcaption>\n\t\t\t<a href=\"https:\/\/www.marco-sorrentino.de\/photo\/hypocrisy-wacken-2022\/\" target=\"\"><\/a>\n\t\t\t<\/figure>\n\t\t\t\t<\/div>\n\t\t\t<\/div>\n\n\n\n<div class=\"et_pb_module et_d4_element DLIHPM_image_hover DLIHPM_image_hover_13 et_clickable\">\n\t\t\t\t\n\t\t\t\t\n\t\t\t\t\n\t\t\t\t\n\t\t\t\t\n\t\t\t\t\n\t\t\t\t<div class=\"et_pb_module_inner\">\n\t\t\t\t\t<figure class=\"divi-image-hover image-hover-image-zoom-center imagehover-image-zoom-center\" style=\"background-color:RGBA(255,255,255,0);--background-color:RGBA(255,255,255,0);\">\n\t\t\t<img decoding=\"async\" class=\"image-hover-img\" alt=\"\" src=\"https:\/\/www.marco-sorrentino.de\/photo\/wp-content\/uploads\/2022\/08\/Wacken2022-BW-375.jpg\" srcset=\"https:\/\/www.marco-sorrentino.de\/photo\/wp-content\/uploads\/2022\/08\/Wacken2022-BW-375.jpg 1x, 2x\" \/>\n\t\t\t<figcaption>\n\t\t\t\t<h2 class=\"image-hover-figtitle\">WACKEN IMPRESSIONEN<\/h2>\n\t\t\t\t<div class=\"image-hover-figdescription\"><p>Your description text goes here.<\/p><\/div>\n\t\t\t<\/figcaption>\n\t\t\t<a href=\"https:\/\/www.marco-sorrentino.de\/photo\/wacken-impressionen\/\" target=\"\"><\/a>\n\t\t\t<\/figure>\n\t\t\t\t<\/div>\n\t\t\t<\/div>\n\n<\/div>\n<\/div>\n<\/div>","protected":false},"excerpt":{"rendered":"","protected":false},"author":1,"featured_media":0,"parent":0,"menu_order":0,"comment_status":"closed","ping_status":"closed","template":"","meta":{"_seopress_robots_primary_cat":"","_seopress_titles_title":"","_seopress_titles_desc":"","_seopress_robots_index":"","_seopress_analysis_target_kw":"","_et_pb_use_builder":"on","_et_pb_old_content":"","_et_gb_content_width":"","footnotes":""},"class_list":["post-1666","page","type-page","status-publish","hentry"],"dsm_author":{"name":"Franz","avatar_url":"https:\/\/secure.gravatar.com\/avatar\/b81e10d6ac62ee35a70e224a81f8944b49a346fa48f0f73170ebc0847d3622cd?s=96&d=mm&r=g","archive_link":"https:\/\/www.marco-sorrentino.de\/photo\/author\/msadmin\/","biodata":""},"dsm_categories":[],"dsm_attachment_categories":[],"dsm_featured_image":null,"dsm_comment_count":0,"_links":{"self":[{"href":"https:\/\/www.marco-sorrentino.de\/photo\/wp-json\/wp\/v2\/pages\/1666","targetHints":{"allow":["GET"]}}],"collection":[{"href":"https:\/\/www.marco-sorrentino.de\/photo\/wp-json\/wp\/v2\/pages"}],"about":[{"href":"https:\/\/www.marco-sorrentino.de\/photo\/wp-json\/wp\/v2\/types\/page"}],"author":[{"embeddable":true,"href":"https:\/\/www.marco-sorrentino.de\/photo\/wp-json\/wp\/v2\/users\/1"}],"replies":[{"embeddable":true,"href":"https:\/\/www.marco-sorrentino.de\/photo\/wp-json\/wp\/v2\/comments?post=1666"}],"version-history":[{"count":3,"href":"https:\/\/www.marco-sorrentino.de\/photo\/wp-json\/wp\/v2\/pages\/1666\/revisions"}],"predecessor-version":[{"id":2766,"href":"https:\/\/www.marco-sorrentino.de\/photo\/wp-json\/wp\/v2\/pages\/1666\/revisions\/2766"}],"wp:attachment":[{"href":"https:\/\/www.marco-sorrentino.de\/photo\/wp-json\/wp\/v2\/media?parent=1666"}],"curies":[{"name":"wp","href":"https:\/\/api.w.org\/{rel}","templated":true}]}}