{"id":357,"date":"2022-04-25T16:18:06","date_gmt":"2022-04-25T14:18:06","guid":{"rendered":"https:\/\/www.marcosorrentino.de\/photo\/?page_id=357"},"modified":"2026-03-12T08:09:37","modified_gmt":"2026-03-12T07:09:37","slug":"about-me","status":"publish","type":"page","link":"https:\/\/www.marco-sorrentino.de\/photo\/about-me\/","title":{"rendered":"About me"},"content":{"rendered":"<div class=\"et_pb_section_0 et_pb_section et_section_regular et_block_section et_animated et_pb_section_parallax\"><span class=\"et-pb-parallax-wrapper\"><span class=\"et-pb-parallax-background et-pb-parallax-background-module--divi-section-0\" style=\"background-image:url(https:\/\/www.marco-sorrentino.de\/photo\/wp-content\/uploads\/2022\/04\/09-12-2017-Bild-11.jpg)\"><\/span><span class=\"et_parallax_gradient\" style=\"background-image:linear-gradient(120deg, #000000 0%,rgba(0,0,0,0) 100%)\"><\/span><\/span>\n<div class=\"et_pb_row_0 et_pb_row et_pb_gutters3 et_block_row\">\n<div class=\"et_pb_column_0 et_pb_column et_pb_column_1_2 et_block_column et_pb_css_mix_blend_mode_passthrough\">\n<div class=\"et_pb_text_0 et_pb_text et_pb_bg_layout_light et_animated et_pb_module et_block_module\"><div class=\"et_pb_text_inner\"><p>Seit 2024 lebe und arbeite ich im sch\u00f6nen Westerr\u00f6nfeld\/Rendsburg. Davor lebte ich knapp 20 Jahre in Freiburg im Breisgau. Fotografie begann f\u00fcr mich als Hobby und wurde schnell zur Leidenschaft. Dabei liegt mein Schwerpunkt auf der Portrait- und Studiofotografie. Aber auch die Konzertfotografie hat es mir angetan.<\/p>\n<p>Durch meine T\u00e4tigkeiten f\u00fcr den Europa-Park bekam ich auch die M\u00f6glichkeit f\u00fcr das Horror-Event \"Horror-Nights TRAUMATICA\" zu fotografieren. Dort konnte ich meine Leidenschaft als langj\u00e4hriger Darsteller vor und als Fotograf hinter der Kamera ausleben.\u00a0<\/p>\n<p>Wenn Dir also meine Arbeiten gefallen, dann lass es mich wissen. Und vielleicht bist Du ja auch mal irgendwann vor meiner Linse.<\/p>\n<\/div><\/div>\n<\/div>\n\n<div class=\"et_pb_column_1 et_pb_column et_pb_column_1_2 et-last-child et_block_column et_pb_css_mix_blend_mode_passthrough\">\n<div class=\"et_pb_text_1 et_pb_text et_pb_bg_layout_dark et_animated et_pb_module et_block_module\"><div class=\"et_pb_text_inner\"><h1><strong>Ein Portr\u00e4t wird nicht in der Kamera gemacht, sondern auf beiden Seiten davon. <\/strong><em style=\"font-size: 16px; font-weight: 500;\">Edward Steichen\u00a0<\/em><\/h1>\n<p>&nbsp;<\/p>\n<\/div><\/div>\n<\/div>\n<\/div>\n<\/div>","protected":false},"excerpt":{"rendered":"","protected":false},"author":1,"featured_media":0,"parent":0,"menu_order":0,"comment_status":"closed","ping_status":"closed","template":"","meta":{"_seopress_robots_primary_cat":"","_seopress_titles_title":"","_seopress_titles_desc":"","_seopress_robots_index":"","_seopress_analysis_target_kw":"","footnotes":""},"class_list":["post-357","page","type-page","status-publish","hentry"],"dsm_author":{"name":"Franz","avatar_url":"https:\/\/secure.gravatar.com\/avatar\/b81e10d6ac62ee35a70e224a81f8944b49a346fa48f0f73170ebc0847d3622cd?s=96&d=mm&r=g","archive_link":"https:\/\/www.marco-sorrentino.de\/photo\/author\/msadmin\/","biodata":""},"dsm_categories":[],"dsm_attachment_categories":[],"dsm_featured_image":null,"dsm_comment_count":0,"_links":{"self":[{"href":"https:\/\/www.marco-sorrentino.de\/photo\/wp-json\/wp\/v2\/pages\/357","targetHints":{"allow":["GET"]}}],"collection":[{"href":"https:\/\/www.marco-sorrentino.de\/photo\/wp-json\/wp\/v2\/pages"}],"about":[{"href":"https:\/\/www.marco-sorrentino.de\/photo\/wp-json\/wp\/v2\/types\/page"}],"author":[{"embeddable":true,"href":"https:\/\/www.marco-sorrentino.de\/photo\/wp-json\/wp\/v2\/users\/1"}],"replies":[{"embeddable":true,"href":"https:\/\/www.marco-sorrentino.de\/photo\/wp-json\/wp\/v2\/comments?post=357"}],"version-history":[{"count":3,"href":"https:\/\/www.marco-sorrentino.de\/photo\/wp-json\/wp\/v2\/pages\/357\/revisions"}],"predecessor-version":[{"id":2419,"href":"https:\/\/www.marco-sorrentino.de\/photo\/wp-json\/wp\/v2\/pages\/357\/revisions\/2419"}],"wp:attachment":[{"href":"https:\/\/www.marco-sorrentino.de\/photo\/wp-json\/wp\/v2\/media?parent=357"}],"curies":[{"name":"wp","href":"https:\/\/api.w.org\/{rel}","templated":true}]}}