{"id":8,"date":"2022-04-24T14:55:27","date_gmt":"2022-04-24T12:55:27","guid":{"rendered":"https:\/\/www.marcosorrentino.de\/photo\/?page_id=8"},"modified":"2026-05-14T10:28:54","modified_gmt":"2026-05-14T08:28:54","slug":"startseite","status":"publish","type":"page","link":"https:\/\/www.marco-sorrentino.de\/photo\/","title":{"rendered":"Startseite"},"content":{"rendered":"<div class=\"et_pb_section_0 et_pb_section et_section_regular et_block_section et_animated\">\n<div class=\"et_pb_row_0 et_pb_row et_block_row\">\n<div class=\"et_pb_column_0 et_pb_column et_pb_column_1_2 et_block_column et_pb_column_empty et_pb_css_mix_blend_mode_passthrough\"><\/div>\n\n<div class=\"et_pb_column_1 et_pb_column et_pb_column_1_2 et-last-child et_block_column et_pb_css_mix_blend_mode_passthrough\">\n<div class=\"et_pb_text_0 et_pb_text et_pb_bg_layout_dark et_animated et_pb_module et_block_module\"><div class=\"et_pb_text_inner\"><h1><strong>Leidenschaft...<\/strong><\/h1>\n<\/div><\/div>\n\n<div class=\"et_pb_text_1 et_pb_text et_pb_bg_layout_light et_animated et_pb_module et_block_module et_pb_text_align_center\"><div class=\"et_pb_text_inner\"><p>... ist eine das Gem\u00fct\u00a0v\u00f6llig ergreifende\u00a0Emotion.<\/p>\n<\/div><\/div>\n<\/div>\n<\/div>\n<\/div>\n\n<div class=\"et_pb_section_1 et_pb_section et_section_regular et_block_section\">\n<div class=\"et_pb_row_1 et_pb_row et_pb_equal_columns et_pb_gutters1 et_block_row et_pb_row_fullwidth\">\n<div class=\"et_pb_column_2 et_pb_column et_pb_column_1_3 et_block_column et_pb_css_mix_blend_mode_passthrough\">\n<div class=\"et_pb_text_2 et_pb_text et_pb_bg_layout_light et_animated et_pb_module et_block_module\"><div class=\"et_pb_text_inner\"><h2>Pers\u00f6nlichkeit...<\/h2>\n<\/div><\/div>\n\n<div class=\"et_pb_divider_0 et_pb_divider et_pb_space et_pb_divider_position_center et_animated et_pb_module\"><div class=\"et_pb_divider_internal\"><\/div><\/div>\n\n<div class=\"et_pb_text_3 et_pb_text et_pb_bg_layout_light et_animated et_pb_module et_block_module\"><div class=\"et_pb_text_inner\"><p>Inszenierung,\u00a0 Lichtsetzung, die Wahl der Perspektive, der Objektiveinsatz und die Bildbearbeitung jedes Portraits sind so individuell, wie die Geschichte, die ich mit dem Bild erz\u00e4hlen m\u00f6chte.<\/p>\n<\/div><\/div>\n<\/div>\n\n<div class=\"et_pb_column_3 et_pb_column et_pb_column_2_3 et-last-child et_block_column et_pb_css_mix_blend_mode_passthrough\">\n<div class=\"et_pb_divider_1 et_pb_divider_hidden et_pb_space et_pb_divider_position_top et_pb_module\"><div class=\"et_pb_divider_internal\"><\/div><\/div>\n<\/div>\n<\/div>\n\n<div class=\"et_pb_row_2 et_pb_row et_pb_equal_columns et_pb_gutters1 et_block_row et_pb_row_fullwidth\">\n<div class=\"et_pb_column_4 et_pb_column et_pb_column_2_3 et_flex_column et_pb_css_mix_blend_mode_passthrough\">\n<div class=\"et_pb_divider_2 et_pb_divider_hidden et_pb_space et_pb_divider_position_top et_pb_module\"><div class=\"et_pb_divider_internal\"><\/div><\/div>\n<\/div>\n\n<div class=\"et_pb_column_5 et_pb_column et_pb_column_1_3 et-last-child et_block_column et_pb_css_mix_blend_mode_passthrough\">\n<div class=\"et_pb_text_4 et_pb_text et_pb_bg_layout_dark et_animated et_pb_module et_block_module\"><div class=\"et_pb_text_inner\"><h2>Emotionen...<\/h2>\n<\/div><\/div>\n\n<div class=\"et_pb_divider_3 et_pb_divider et_pb_space et_pb_divider_position_center et_animated et_pb_module\"><div class=\"et_pb_divider_internal\"><\/div><\/div>\n\n<div class=\"et_pb_text_5 et_pb_text et_pb_bg_layout_light et_animated et_pb_module et_block_module\"><div class=\"et_pb_text_inner\"><p><span>Ein perfektes Portrait wirkt auf der emotionalen Ebene.<\/span><\/p>\n<\/div><\/div>\n<\/div>\n<\/div>\n<\/div>\n\n<div class=\"et_pb_section_2 et_pb_section et_section_regular et_block_section et_pb_section_parallax\"><span class=\"et-pb-parallax-wrapper\"><span class=\"et-pb-parallax-background et-pb-parallax-background-module--divi-section-2 et_parallax_bg_phone_exist\" style=\"background-image:url(https:\/\/www.marco-sorrentino.de\/photo\/wp-content\/uploads\/2022\/04\/HOLLEBOLLE-01-03-2019-1351-WEB.jpg)\"><\/span><\/span><span class=\"et-pb-parallax-wrapper\"><span class=\"et-pb-parallax-background et-pb-parallax-background_phone et-pb-parallax-background_phone-module--divi-section-2\" style=\"background-image:url(https:\/\/www.marco-sorrentino.de\/photo\/wp-content\/uploads\/2022\/04\/HOLLEBOLLE-01-03-2019-1351-WEB.jpg)\"><\/span><\/span>\n<div class=\"et_pb_row_3 et_pb_row et_block_row\">\n<div class=\"et_pb_column_6 et_pb_column et_pb_column_1_2 et_block_column et_pb_css_mix_blend_mode_passthrough\">\n<div class=\"et_pb_text_6 et_pb_text et_pb_bg_layout_light et_animated et_pb_module et_block_module\"><div class=\"et_pb_text_inner\"><h2>Testimonials<\/h2>\n<\/div><\/div>\n\n<div class=\"et_pb_divider_4 et_pb_divider et_pb_space et_pb_divider_position_center et_animated et_pb_module\"><div class=\"et_pb_divider_internal\"><\/div><\/div>\n\n<div class=\"et_pb_blurb_0 et_pb_blurb et_pb_bg_layout_light et_pb_blurb_position_left et_pb_module et_block_module\"><div class=\"et_pb_blurb_content\"><div class=\"et_pb_main_blurb_image et_animated\"><span class=\"et_pb_image_wrap\"><span class=\"et-pb-icon\">{<\/span><\/span><\/div><div class=\"et_pb_blurb_container\"><\/div><\/div><\/div>\n\n<div class=\"et_pb_slider_0 et_pb_slider et_pb_slider_fullwidth_off et_slider_auto et_slider_auto_ignore_hover et_slider_speed_6000 et_pb_module et_block_module\"><div class=\"et_pb_slides\">\n<div class=\"et_pb_slide_0 et_pb_slide et_pb_media_alignment_center et_pb_bg_layout_dark et_pb_text_align_center\" data-slide-id=\"divi\/slide-0\"><div class=\"et_pb_container\"><div class=\"et_pb_slider_container_inner\"><div class=\"et_pb_slide_description\"><div class=\"et_pb_slide_content\"><p>\u201eMarco ist einfach ein unvergleichlicher Typ\u2026 f\u00fcr mein erstes Shooting habe ich mir bewusst IHN ausgesucht, weil mir seine Arbeit gut gef\u00e4llt. Im Studio wei\u00df er genau was er tut: da ein bisschen weniger Licht, da ein bisschen mehr Nebel, hier noch ein wenig aufrechter und *zack* ist der perfekte Shot auf dem Bildschirm. Anf\u00e4ngliche Unsicherheiten macht er mit seinem Humor, seiner guten Laune und seinen Ideen sofort zunichte. Ein begnadeter Fotograf, ein au\u00dferordentlich toller Mensch \u2013 das war bei weitem nicht mein letzter Besuch bei ihm.\"<\/p>\n<p><strong>John Seegert, Radiomoderator \u2013 Sprecher<\/strong><\/p>\n<\/div><\/div><\/div><\/div><\/div>\n\n<div class=\"et_pb_slide_1 et_pb_slide et_pb_media_alignment_center et_pb_bg_layout_dark et_pb_text_align_center\" data-slide-id=\"divi\/slide-1\"><div class=\"et_pb_container\"><div class=\"et_pb_slider_container_inner\"><div class=\"et_pb_slide_description\"><div class=\"et_pb_slide_content\"><p>\u201eMarco ist als Fotograf absolut zu empfehlen. Hatte vor kurzem mit ihm ein Fotoshooting, welches super entspannt ablief und viele tolle Bilder dabei rausgekommen sind.\u201c<\/p>\n<p><strong>Holger Kugele, Schauspieler<\/strong><\/p>\n<\/div><\/div><\/div><\/div><\/div>\n\n<div class=\"et_pb_slide_2 et_pb_slide et_pb_media_alignment_center et_pb_bg_layout_dark et_pb_text_align_center\" data-slide-id=\"divi\/slide-2\"><div class=\"et_pb_container\"><div class=\"et_pb_slider_container_inner\"><div class=\"et_pb_slide_description\"><div class=\"et_pb_slide_content\"><p>\u201eGrandioses Team, bei dem man sich rundum wohl f\u00fchlt! Danke f\u00fcr das tolle Shooting!!!!\u201c<\/p>\n<p><strong>Stefanie Renk, Moderatorin &amp; Schauspielerin<\/strong><\/p>\n<\/div><\/div><\/div><\/div><\/div>\n\n<div class=\"et_pb_slide_3 et_pb_slide et_pb_media_alignment_center et_pb_bg_layout_dark et_pb_text_align_center\" data-slide-id=\"divi\/slide-3\"><div class=\"et_pb_container\"><div class=\"et_pb_slider_container_inner\"><div class=\"et_pb_slide_description\"><div class=\"et_pb_slide_content\"><p>\u201eEinen guten Fotografen macht die Verbindung zwischem handwerklichem K\u00f6nnen und einem k\u00fcnstlerischen Auge f\u00fcr besondere Momente aus. Hier findet man genau das. Und zudem einen herzensguten Menschen.\u201c<\/p>\n<p><strong>Franky Habatsch, Schauspieler<\/strong><\/p>\n<\/div><\/div><\/div><\/div><\/div>\n<\/div><\/div>\n<\/div>\n\n<div class=\"et_pb_column_7 et_pb_column et_pb_column_1_2 et-last-child et_block_column et_pb_column_empty et_pb_css_mix_blend_mode_passthrough\"><\/div>\n<\/div>\n<\/div>","protected":false},"excerpt":{"rendered":"","protected":false},"author":1,"featured_media":0,"parent":0,"menu_order":0,"comment_status":"closed","ping_status":"closed","template":"","meta":{"_seopress_robots_primary_cat":"","_seopress_titles_title":"%%sitetitle%% %%sep%% Ihr Fotograf in Freiburg im Breisgau %%sep%% %%post_title%%","_seopress_titles_desc":"%%sitetitle%% %%sep%% Ihr Fotograf in Freiburg im Breisgau %%sep%%  %%post_title%%","_seopress_robots_index":"","_seopress_analysis_target_kw":"","footnotes":""},"class_list":["post-8","page","type-page","status-publish","hentry"],"dsm_author":{"name":"Franz","avatar_url":"https:\/\/secure.gravatar.com\/avatar\/b81e10d6ac62ee35a70e224a81f8944b49a346fa48f0f73170ebc0847d3622cd?s=96&d=mm&r=g","archive_link":"https:\/\/www.marco-sorrentino.de\/photo\/author\/msadmin\/","biodata":""},"dsm_categories":[],"dsm_attachment_categories":[],"dsm_featured_image":null,"dsm_comment_count":0,"_links":{"self":[{"href":"https:\/\/www.marco-sorrentino.de\/photo\/wp-json\/wp\/v2\/pages\/8","targetHints":{"allow":["GET"]}}],"collection":[{"href":"https:\/\/www.marco-sorrentino.de\/photo\/wp-json\/wp\/v2\/pages"}],"about":[{"href":"https:\/\/www.marco-sorrentino.de\/photo\/wp-json\/wp\/v2\/types\/page"}],"author":[{"embeddable":true,"href":"https:\/\/www.marco-sorrentino.de\/photo\/wp-json\/wp\/v2\/users\/1"}],"replies":[{"embeddable":true,"href":"https:\/\/www.marco-sorrentino.de\/photo\/wp-json\/wp\/v2\/comments?post=8"}],"version-history":[{"count":4,"href":"https:\/\/www.marco-sorrentino.de\/photo\/wp-json\/wp\/v2\/pages\/8\/revisions"}],"predecessor-version":[{"id":2807,"href":"https:\/\/www.marco-sorrentino.de\/photo\/wp-json\/wp\/v2\/pages\/8\/revisions\/2807"}],"wp:attachment":[{"href":"https:\/\/www.marco-sorrentino.de\/photo\/wp-json\/wp\/v2\/media?parent=8"}],"curies":[{"name":"wp","href":"https:\/\/api.w.org\/{rel}","templated":true}]}}